{"id":118,"date":"2025-10-14T07:59:39","date_gmt":"2025-10-14T07:59:39","guid":{"rendered":"https:\/\/freskue.tienda\/?page_id=118"},"modified":"2025-12-02T16:31:00","modified_gmt":"2025-12-02T15:31:00","slug":"terminos-y-condiciones","status":"publish","type":"page","link":"https:\/\/freskue.eus\/eu\/terminos-y-condiciones\/","title":{"rendered":"FAQak eta salmenta-baldintzak"},"content":{"rendered":"<h3 class=\"wp-block-heading\"><strong>Eskaerak eta erosketak<\/strong><\/h3>\n\n\n\n<p><strong>Nola egin dezaket eskaera bat?<\/strong><\/p>\n\n\n\n<p>Zure arrain- edo itsaski-produktu gustukoenak aukeratu, saskira gehitu eta erosketa osatu checkout-aren urratsei jarraituz. Ez duzu konturik sortu behar, baina gomendatzen dizugu segimendua egiteko eta eskaerak erraz errepikatzeko.<\/p>\n\n\n\n<p><strong>Eskaera berretsi ondoren, alda dezaket?<\/strong><\/p>\n\n\n\n<p>Bai, baldin eta oraindik prestatu eta bidali ez bada. Idatzi lehenbailehen helbidera freskue@freskue.eus zure eskaera-zenbakia adieraziz, eta ahal dugun guztia egingo dugu zuri laguntzeko.<\/p>\n\n\n\n<p><strong>Ba al dago gutxieneko eskaerarik?<\/strong><\/p>\n\n\n\n<p>Bai, gutxieneko eskaera 30 \u20ac + garraio-kostuak da, hoztutako garraioa freskotasun-baldintza optimoetan bermatzeko.<\/p>\n\n\n\n<hr class=\"wp-block-separator has-alpha-channel-opacity\"\/>\n\n\n\n<h3 class=\"wp-block-heading\"><strong>Bidalketak eta entregak<\/strong><\/h3>\n\n\n\n<p><strong>Non egiten dituzue entregak?<\/strong><\/p>\n\n\n\n<p>Gaur egun, Penintsula osoan egiten ditugu entregak. Ez ditugu Balearretara, Kanarietara, Ceutara edo Melillara bidaltzen, produktu galkorrak direlako.<\/p>\n\n\n\n<p><strong>Zenbat denbora behar du nire eskaerak?<\/strong><\/p>\n\n\n\n<p>Los pedidos hechos antes de las 20:00h (de lunes a mi\u00e9rcoles) se preparan al d\u00eda siguiente laborable y se env\u00edan la ma\u00f1ana siguiente, llegando en un m\u00e1ximo de 48h. Los pedidos del jueves y fin de semana (viernes, s\u00e1bado y domingo) se entregar\u00e1n el martes siguiente.<\/p>\n\n\n\n<p>Eskaera ostegun, ostiral edo asteburuan egiten baduzu, hurrengo asteartean jasoko duzu. Izan ere, gure partner logistikoak (SEUR) ez du larunbat eta igandeetan lan egiten, eta, beraz, zure produktuen freskotasuna galduko litzateke.&nbsp;<\/p>\n\n\n\n<p><strong>Nola bidaltzen da produktua? Freskotasuna ziurtatuta dago?<\/strong><\/p>\n\n\n\n<p>Izotzezko kutxa isotermikoak erabiltzen ditugu gelean, eta hotzean espezializatutako garraioa, produktuak zure aterainoko tenperaturarik egokiena izan dezan.<\/p>\n\n\n\n<p>Bertako hornitzaileekin egiten dugu lan, Zuzenekin, esaterako. Kalitate goreneko produktuak eta baldintzarik onenetan eskaintzen dizkigute. Gainera, kontu handiz gainbegiratzen dugu hotz-kate osoa, tenperatura kontrolatua behar duten produktuen garraio seguruena ziurtatuz. Entrega lehentasunezko zerbitzuen bidez bermatzen dugu, hala nola SEUR FR\u00cdO.<\/p>\n\n\n\n<p><strong>Entrega eguna aukeratu dezaket?<\/strong><\/p>\n\n\n\n<p>Oraingoz ez, baina aukera hori etorkizunean txertatuko dugu.&nbsp;<\/p>\n\n\n\n<hr class=\"wp-block-separator has-alpha-channel-opacity\"\/>\n\n\n\n<h3 class=\"wp-block-heading\"><strong>Freskotasuna eta kontserbazioa<\/strong><\/h3>\n\n\n\n<p><strong>Arraina fresko ala izoztuta iristen da?<\/strong><\/p>\n\n\n\n<p>Gure produktuak freskoak bidaltzen dira, zuzenean lonjatik, espresuki izoztuak direla esaten ez bada (adibidez, izokin-burgerra)<\/p>\n\n\n\n<p><strong>Nola gorde behar dut produktua jasotzen dudanean?<\/strong><\/p>\n\n\n\n<p>Gorde arraina edo itsaskiak hozkailuan, eta kontsumitu 24-48 orduko epean. Laster kontsumitu behar ez baduzu, berehala izoztu dezakezu bere kalitatea mantentzeko. Arrandegian erositako arrainarekin egingo zenukeen bezalaxe.&nbsp;<\/p>\n\n\n\n<hr class=\"wp-block-separator has-alpha-channel-opacity\"\/>\n\n\n\n<h3 class=\"wp-block-heading\"><strong>Harpidetzak<\/strong><\/h3>\n\n\n\n<p><strong>Zer da FRESKUE harpidetza?<\/strong><\/p>\n\n\n\n<p>Oraingoz, aukera hori ez dago erabilgarri, baina laster egongo da erabilgarri. Zerbitzu honek aukera emango dizu arrain eta itsaski freskoak etxean automatikoki jasotzeko, aukeratzen duzun maiztasunaren arabera (astean behin, hamabostean behin edo hilean behin).<\/p>\n\n\n\n<hr class=\"wp-block-separator has-alpha-channel-opacity\"\/>\n\n\n\n<h3 class=\"wp-block-heading\"><strong>Itzulketak<\/strong><\/h3>\n\n\n\n<p><strong>Gustura ez banago, produktu bat itzul dezaket?<\/strong><\/p>\n\n\n\n<p>Produktu galkorrak direnez, ez dugu itzulketarik onartuko, eskaera egoera txarrean, kaltetuta edo oker iritsi ez bada.<br>Kasu horretan, jar zaitez gurekin harremanetan jaso eta gehienez ere 24 orduko epean, argazkiak erantsita.<\/p>\n\n\n\n<p><strong>Zer egin behar dut nire eskaera egoera txarrean iristen bada?<\/strong><\/p>\n\n\n\n<p>Egin produktuaren eta enbalajearen argazkiak eta bidali freskue@freskue.com helbidera zure eskaera-zenbakiarekin batera. Kasua aztertuko dugu, eta, hala badagokio, diru-itzulketa edo birbidalketa bat egingo dugu.<\/p>\n\n\n\n<hr class=\"wp-block-separator has-alpha-channel-opacity\"\/>\n\n\n\n<h3 class=\"wp-block-heading\"><strong>Bezeroarentzako arreta<\/strong><\/h3>\n\n\n\n<p><strong>Nola jar naiteke harremanetan FRESKUErekin?<\/strong><\/p>\n\n\n\n<p>Puedes escribirnos a <a href=\"mailto:freskue@freskue.eus\">freskue@freskue.eus<\/a>, nuestro equipo responder\u00e1 lo antes posible.<\/p>\n\n\n\n<p><strong>Telefono bidezko arreta eskaintzen duzue?<\/strong><\/p>\n\n\n\n<p>Bai,&nbsp;&nbsp;<a href=\"http:\/\/687 611 121\">687 611 121<\/a><a href=\"tel:943 39 41 64\"> <\/a>telefonora deitu diezagukezu, bezeroaren arretarako ordutegian:<br>Astelehenetik ostiralera 9:00etatik 14:00etara.<\/p>\n\n\n\n<p><strong>Denda fisikorik baduzue?<\/strong><\/p>\n\n\n\n<p>Ez dugu jendearentzako denda zabalik. Salmenta osoa online egiten da, itsasotik etxera zuzenean banatzeko kate bat bermatzeko. Gure produktu guztia Zuzenen erosten eta prestatzen dugu, Gipuzkoan arrain freskoan espezializatutako lonjan.&nbsp;<\/p>","protected":false},"excerpt":{"rendered":"<p>Pedidos y compras \u00bfC\u00f3mo puedo hacer un pedido? Solo tienes que elegir tus productos favoritos de pescado o marisco, a\u00f1adirlos [&hellip;]<\/p>\n","protected":false},"author":2,"featured_media":0,"parent":0,"menu_order":0,"comment_status":"closed","ping_status":"closed","template":"","meta":{"inline_featured_image":false,"_uag_custom_page_level_css":"","_monsterinsights_skip_tracking":false,"_monsterinsights_sitenote_active":false,"_monsterinsights_sitenote_note":"","_monsterinsights_sitenote_category":0,"site-sidebar-layout":"default","site-content-layout":"","ast-site-content-layout":"default","site-content-style":"default","site-sidebar-style":"default","ast-global-header-display":"","ast-banner-title-visibility":"","ast-main-header-display":"","ast-hfb-above-header-display":"","ast-hfb-below-header-display":"","ast-hfb-mobile-header-display":"","site-post-title":"","ast-breadcrumbs-content":"","ast-featured-img":"","footer-sml-layout":"","ast-disable-related-posts":"","theme-transparent-header-meta":"","adv-header-id-meta":"","stick-header-meta":"","header-above-stick-meta":"","header-main-stick-meta":"","header-below-stick-meta":"","astra-migrate-meta-layouts":"default","ast-page-background-enabled":"default","ast-page-background-meta":{"desktop":{"background-color":"var(--ast-global-color-5)","background-image":"","background-repeat":"repeat","background-position":"center center","background-size":"auto","background-attachment":"scroll","background-type":"","background-media":"","overlay-type":"","overlay-color":"","overlay-opacity":"","overlay-gradient":""},"tablet":{"background-color":"","background-image":"","background-repeat":"repeat","background-position":"center center","background-size":"auto","background-attachment":"scroll","background-type":"","background-media":"","overlay-type":"","overlay-color":"","overlay-opacity":"","overlay-gradient":""},"mobile":{"background-color":"","background-image":"","background-repeat":"repeat","background-position":"center center","background-size":"auto","background-attachment":"scroll","background-type":"","background-media":"","overlay-type":"","overlay-color":"","overlay-opacity":"","overlay-gradient":""}},"ast-content-background-meta":{"desktop":{"background-color":"var(--ast-global-color-4)","background-image":"","background-repeat":"repeat","background-position":"center center","background-size":"auto","background-attachment":"scroll","background-type":"","background-media":"","overlay-type":"","overlay-color":"","overlay-opacity":"","overlay-gradient":""},"tablet":{"background-color":"var(--ast-global-color-4)","background-image":"","background-repeat":"repeat","background-position":"center center","background-size":"auto","background-attachment":"scroll","background-type":"","background-media":"","overlay-type":"","overlay-color":"","overlay-opacity":"","overlay-gradient":""},"mobile":{"background-color":"var(--ast-global-color-4)","background-image":"","background-repeat":"repeat","background-position":"center center","background-size":"auto","background-attachment":"scroll","background-type":"","background-media":"","overlay-type":"","overlay-color":"","overlay-opacity":"","overlay-gradient":""}},"footnotes":""},"class_list":["post-118","page","type-page","status-publish","hentry"],"aioseo_notices":[],"yoast_head":"<!-- This site is optimized with the Yoast SEO plugin v27.5 - https:\/\/yoast.com\/product\/yoast-seo-wordpress\/ -->\n<title>FAQs y condiciones de venta - Freskue<\/title>\n<meta name=\"robots\" content=\"index, follow, max-snippet:-1, max-image-preview:large, max-video-preview:-1\" \/>\n<link rel=\"canonical\" href=\"https:\/\/freskue.eus\/eu\/terminos-y-condiciones\/\" \/>\n<meta property=\"og:locale\" content=\"en_US\" \/>\n<meta property=\"og:type\" content=\"article\" \/>\n<meta property=\"og:title\" content=\"FAQs y condiciones de venta - Freskue\" \/>\n<meta property=\"og:description\" content=\"Pedidos y compras \u00bfC\u00f3mo puedo hacer un pedido? Solo tienes que elegir tus productos favoritos de pescado o marisco, a\u00f1adirlos [&hellip;]\" \/>\n<meta property=\"og:url\" content=\"https:\/\/freskue.eus\/eu\/terminos-y-condiciones\/\" \/>\n<meta property=\"og:site_name\" content=\"Freskue\" \/>\n<meta property=\"article:modified_time\" content=\"2025-12-02T15:31:00+00:00\" \/>\n<meta property=\"og:image\" content=\"https:\/\/freskue.eus\/wp-content\/uploads\/freskue-imagensitio.webp\" \/>\n\t<meta property=\"og:image:width\" content=\"1200\" \/>\n\t<meta property=\"og:image:height\" content=\"675\" \/>\n\t<meta property=\"og:image:type\" content=\"image\/webp\" \/>\n<meta name=\"twitter:card\" content=\"summary_large_image\" \/>\n<script type=\"application\/ld+json\" class=\"yoast-schema-graph\">{\"@context\":\"https:\\\/\\\/schema.org\",\"@graph\":[{\"@type\":\"WebPage\",\"@id\":\"https:\\\/\\\/freskue.eus\\\/terminos-y-condiciones\\\/\",\"url\":\"https:\\\/\\\/freskue.eus\\\/terminos-y-condiciones\\\/\",\"name\":\"FAQs y condiciones de venta - Freskue\",\"isPartOf\":{\"@id\":\"https:\\\/\\\/freskue.eus\\\/#website\"},\"datePublished\":\"2025-10-14T07:59:39+00:00\",\"dateModified\":\"2025-12-02T15:31:00+00:00\",\"breadcrumb\":{\"@id\":\"https:\\\/\\\/freskue.eus\\\/terminos-y-condiciones\\\/#breadcrumb\"},\"inLanguage\":\"eu\",\"potentialAction\":[{\"@type\":\"ReadAction\",\"target\":[\"https:\\\/\\\/freskue.eus\\\/terminos-y-condiciones\\\/\"]}]},{\"@type\":\"BreadcrumbList\",\"@id\":\"https:\\\/\\\/freskue.eus\\\/terminos-y-condiciones\\\/#breadcrumb\",\"itemListElement\":[{\"@type\":\"ListItem\",\"position\":1,\"name\":\"Portada\",\"item\":\"https:\\\/\\\/freskue.eus\\\/\"},{\"@type\":\"ListItem\",\"position\":2,\"name\":\"FAQs y condiciones de venta\"}]},{\"@type\":\"WebSite\",\"@id\":\"https:\\\/\\\/freskue.eus\\\/#website\",\"url\":\"https:\\\/\\\/freskue.eus\\\/\",\"name\":\"Freskue\",\"description\":\"\",\"publisher\":{\"@id\":\"https:\\\/\\\/freskue.eus\\\/#organization\"},\"potentialAction\":[{\"@type\":\"SearchAction\",\"target\":{\"@type\":\"EntryPoint\",\"urlTemplate\":\"https:\\\/\\\/freskue.eus\\\/?s={search_term_string}\"},\"query-input\":{\"@type\":\"PropertyValueSpecification\",\"valueRequired\":true,\"valueName\":\"search_term_string\"}}],\"inLanguage\":\"eu\"},{\"@type\":\"Organization\",\"@id\":\"https:\\\/\\\/freskue.eus\\\/#organization\",\"name\":\"Freskue\",\"url\":\"https:\\\/\\\/freskue.eus\\\/\",\"logo\":{\"@type\":\"ImageObject\",\"inLanguage\":\"eu\",\"@id\":\"https:\\\/\\\/freskue.eus\\\/#\\\/schema\\\/logo\\\/image\\\/\",\"url\":\"https:\\\/\\\/freskue.eus\\\/wp-content\\\/uploads\\\/Logotipo-principal.svg\",\"contentUrl\":\"https:\\\/\\\/freskue.eus\\\/wp-content\\\/uploads\\\/Logotipo-principal.svg\",\"width\":373,\"height\":103,\"caption\":\"Freskue\"},\"image\":{\"@id\":\"https:\\\/\\\/freskue.eus\\\/#\\\/schema\\\/logo\\\/image\\\/\"}}]}<\/script>\n<!-- \/ Yoast SEO plugin. -->","yoast_head_json":{"title":"FAQs y condiciones de venta - Freskue","robots":{"index":"index","follow":"follow","max-snippet":"max-snippet:-1","max-image-preview":"max-image-preview:large","max-video-preview":"max-video-preview:-1"},"canonical":"https:\/\/freskue.eus\/eu\/terminos-y-condiciones\/","og_locale":"en_US","og_type":"article","og_title":"FAQs y condiciones de venta - Freskue","og_description":"Pedidos y compras \u00bfC\u00f3mo puedo hacer un pedido? Solo tienes que elegir tus productos favoritos de pescado o marisco, a\u00f1adirlos [&hellip;]","og_url":"https:\/\/freskue.eus\/eu\/terminos-y-condiciones\/","og_site_name":"Freskue","article_modified_time":"2025-12-02T15:31:00+00:00","og_image":[{"width":1200,"height":675,"url":"https:\/\/freskue.eus\/wp-content\/uploads\/freskue-imagensitio.webp","type":"image\/webp"}],"twitter_card":"summary_large_image","schema":{"@context":"https:\/\/schema.org","@graph":[{"@type":"WebPage","@id":"https:\/\/freskue.eus\/terminos-y-condiciones\/","url":"https:\/\/freskue.eus\/terminos-y-condiciones\/","name":"FAQs y condiciones de venta - Freskue","isPartOf":{"@id":"https:\/\/freskue.eus\/#website"},"datePublished":"2025-10-14T07:59:39+00:00","dateModified":"2025-12-02T15:31:00+00:00","breadcrumb":{"@id":"https:\/\/freskue.eus\/terminos-y-condiciones\/#breadcrumb"},"inLanguage":"eu","potentialAction":[{"@type":"ReadAction","target":["https:\/\/freskue.eus\/terminos-y-condiciones\/"]}]},{"@type":"BreadcrumbList","@id":"https:\/\/freskue.eus\/terminos-y-condiciones\/#breadcrumb","itemListElement":[{"@type":"ListItem","position":1,"name":"Portada","item":"https:\/\/freskue.eus\/"},{"@type":"ListItem","position":2,"name":"FAQs y condiciones de venta"}]},{"@type":"WebSite","@id":"https:\/\/freskue.eus\/#website","url":"https:\/\/freskue.eus\/","name":"Freskue","description":"","publisher":{"@id":"https:\/\/freskue.eus\/#organization"},"potentialAction":[{"@type":"SearchAction","target":{"@type":"EntryPoint","urlTemplate":"https:\/\/freskue.eus\/?s={search_term_string}"},"query-input":{"@type":"PropertyValueSpecification","valueRequired":true,"valueName":"search_term_string"}}],"inLanguage":"eu"},{"@type":"Organization","@id":"https:\/\/freskue.eus\/#organization","name":"Freskue","url":"https:\/\/freskue.eus\/","logo":{"@type":"ImageObject","inLanguage":"eu","@id":"https:\/\/freskue.eus\/#\/schema\/logo\/image\/","url":"https:\/\/freskue.eus\/wp-content\/uploads\/Logotipo-principal.svg","contentUrl":"https:\/\/freskue.eus\/wp-content\/uploads\/Logotipo-principal.svg","width":373,"height":103,"caption":"Freskue"},"image":{"@id":"https:\/\/freskue.eus\/#\/schema\/logo\/image\/"}}]}},"spectra_custom_meta":{"_edit_lock":["1764689469:3"],"_edit_last":["3"],"_yoast_wpseo_content_score":["90"],"_yoast_wpseo_estimated-reading-time-minutes":["3"],"cmplz_hide_cookiebanner":[""],"_cmplz_scanned_post":["1"],"_uag_css_file_name":["uag-css-118.css"],"_uagb_previous_block_counts":["a:90:{s:21:\"uagb\/advanced-heading\";i:0;s:15:\"uagb\/blockquote\";i:0;s:12:\"uagb\/buttons\";i:0;s:18:\"uagb\/buttons-child\";i:0;s:19:\"uagb\/call-to-action\";i:0;s:15:\"uagb\/cf7-styler\";i:0;s:11:\"uagb\/column\";i:0;s:12:\"uagb\/columns\";i:0;s:14:\"uagb\/container\";i:0;s:21:\"uagb\/content-timeline\";i:0;s:27:\"uagb\/content-timeline-child\";i:0;s:14:\"uagb\/countdown\";i:0;s:12:\"uagb\/counter\";i:0;s:8:\"uagb\/faq\";i:0;s:14:\"uagb\/faq-child\";i:0;s:10:\"uagb\/forms\";i:0;s:17:\"uagb\/forms-accept\";i:0;s:19:\"uagb\/forms-checkbox\";i:0;s:15:\"uagb\/forms-date\";i:0;s:16:\"uagb\/forms-email\";i:0;s:17:\"uagb\/forms-hidden\";i:0;s:15:\"uagb\/forms-name\";i:0;s:16:\"uagb\/forms-phone\";i:0;s:16:\"uagb\/forms-radio\";i:0;s:17:\"uagb\/forms-select\";i:0;s:19:\"uagb\/forms-textarea\";i:0;s:17:\"uagb\/forms-toggle\";i:0;s:14:\"uagb\/forms-url\";i:0;s:14:\"uagb\/gf-styler\";i:0;s:15:\"uagb\/google-map\";i:0;s:11:\"uagb\/how-to\";i:0;s:16:\"uagb\/how-to-step\";i:0;s:9:\"uagb\/icon\";i:0;s:14:\"uagb\/icon-list\";i:0;s:20:\"uagb\/icon-list-child\";i:0;s:10:\"uagb\/image\";i:0;s:18:\"uagb\/image-gallery\";i:0;s:13:\"uagb\/info-box\";i:0;s:18:\"uagb\/inline-notice\";i:0;s:11:\"uagb\/lottie\";i:0;s:21:\"uagb\/marketing-button\";i:0;s:10:\"uagb\/modal\";i:0;s:18:\"uagb\/popup-builder\";i:0;s:16:\"uagb\/post-button\";i:0;s:18:\"uagb\/post-carousel\";i:0;s:17:\"uagb\/post-excerpt\";i:0;s:14:\"uagb\/post-grid\";i:0;s:15:\"uagb\/post-image\";i:0;s:17:\"uagb\/post-masonry\";i:0;s:14:\"uagb\/post-meta\";i:0;s:18:\"uagb\/post-taxonomy\";i:0;s:18:\"uagb\/post-timeline\";i:0;s:15:\"uagb\/post-title\";i:0;s:20:\"uagb\/restaurant-menu\";i:0;s:26:\"uagb\/restaurant-menu-child\";i:0;s:11:\"uagb\/review\";i:0;s:12:\"uagb\/section\";i:0;s:14:\"uagb\/separator\";i:0;s:11:\"uagb\/slider\";i:0;s:17:\"uagb\/slider-child\";i:0;s:17:\"uagb\/social-share\";i:0;s:23:\"uagb\/social-share-child\";i:0;s:16:\"uagb\/star-rating\";i:0;s:23:\"uagb\/sure-cart-checkout\";i:0;s:22:\"uagb\/sure-cart-product\";i:0;s:15:\"uagb\/sure-forms\";i:0;s:22:\"uagb\/table-of-contents\";i:0;s:9:\"uagb\/tabs\";i:0;s:15:\"uagb\/tabs-child\";i:0;s:18:\"uagb\/taxonomy-list\";i:0;s:9:\"uagb\/team\";i:0;s:16:\"uagb\/testimonial\";i:0;s:14:\"uagb\/wp-search\";i:0;s:19:\"uagb\/instagram-feed\";i:0;s:10:\"uagb\/login\";i:0;s:17:\"uagb\/loop-builder\";i:0;s:18:\"uagb\/loop-category\";i:0;s:20:\"uagb\/loop-pagination\";i:0;s:15:\"uagb\/loop-reset\";i:0;s:16:\"uagb\/loop-search\";i:0;s:14:\"uagb\/loop-sort\";i:0;s:17:\"uagb\/loop-wrapper\";i:0;s:13:\"uagb\/register\";i:0;s:19:\"uagb\/register-email\";i:0;s:24:\"uagb\/register-first-name\";i:0;s:23:\"uagb\/register-last-name\";i:0;s:22:\"uagb\/register-password\";i:0;s:30:\"uagb\/register-reenter-password\";i:0;s:19:\"uagb\/register-terms\";i:0;s:22:\"uagb\/register-username\";i:0;}"],"_uag_page_assets":["a:9:{s:3:\"css\";s:260:\".uag-blocks-common-selector{z-index:var(--z-index-desktop) !important}@media(max-width: 976px){.uag-blocks-common-selector{z-index:var(--z-index-tablet) !important}}@media(max-width: 767px){.uag-blocks-common-selector{z-index:var(--z-index-mobile) !important}}\";s:2:\"js\";s:0:\"\";s:18:\"current_block_list\";a:9:{i:0;s:12:\"core\/heading\";i:1;s:14:\"core\/paragraph\";i:2;s:14:\"core\/separator\";i:3;s:11:\"core\/search\";i:4;s:10:\"core\/group\";i:5;s:17:\"core\/latest-posts\";i:6;s:20:\"core\/latest-comments\";i:7;s:13:\"core\/archives\";i:8;s:15:\"core\/categories\";}s:8:\"uag_flag\";b:0;s:11:\"uag_version\";s:10:\"1777629519\";s:6:\"gfonts\";a:0:{}s:10:\"gfonts_url\";s:0:\"\";s:12:\"gfonts_files\";a:0:{}s:14:\"uag_faq_layout\";b:0;}"]},"uagb_featured_image_src":{"full":false,"thumbnail":false,"medium":false,"medium_large":false,"large":false,"1536x1536":false,"2048x2048":false,"trp-custom-language-flag":false,"woocommerce_thumbnail":false,"woocommerce_single":false,"woocommerce_gallery_thumbnail":false},"uagb_author_info":{"display_name":"fidenet","author_link":"https:\/\/freskue.eus\/eu\/author\/65e564aa5e7a0cf5\/"},"uagb_comment_info":0,"uagb_excerpt":"Pedidos y compras \u00bfC\u00f3mo puedo hacer un pedido? Solo tienes que elegir tus productos favoritos de pescado o marisco, a\u00f1adirlos [&hellip;]","_links":{"self":[{"href":"https:\/\/freskue.eus\/eu\/wp-json\/wp\/v2\/pages\/118","targetHints":{"allow":["GET"]}}],"collection":[{"href":"https:\/\/freskue.eus\/eu\/wp-json\/wp\/v2\/pages"}],"about":[{"href":"https:\/\/freskue.eus\/eu\/wp-json\/wp\/v2\/types\/page"}],"author":[{"embeddable":true,"href":"https:\/\/freskue.eus\/eu\/wp-json\/wp\/v2\/users\/2"}],"replies":[{"embeddable":true,"href":"https:\/\/freskue.eus\/eu\/wp-json\/wp\/v2\/comments?post=118"}],"version-history":[{"count":0,"href":"https:\/\/freskue.eus\/eu\/wp-json\/wp\/v2\/pages\/118\/revisions"}],"wp:attachment":[{"href":"https:\/\/freskue.eus\/eu\/wp-json\/wp\/v2\/media?parent=118"}],"curies":[{"name":"wp","href":"https:\/\/api.w.org\/{rel}","templated":true}]}}