{"id":614,"date":"2025-10-15T09:59:35","date_gmt":"2025-10-15T07:59:35","guid":{"rendered":"https:\/\/freskue.tienda\/?post_type=product&#038;p=614"},"modified":"2026-04-23T13:24:49","modified_gmt":"2026-04-23T11:24:49","slug":"burger-gourmet-de-salmon","status":"publish","type":"product","link":"https:\/\/freskue.eus\/eu\/produktua\/burger-gourmet-de-salmon\/","title":{"rendered":"Izokin burger gourmet (6 ale)"},"content":{"rendered":"<p data-start=\"243\" data-end=\"277\"><strong data-start=\"247\" data-end=\"277\">OSAGAIAK ETA KONPOSIZIOA<\/strong><\/p>\n<p data-start=\"278\" data-end=\"450\">Izokin burgerra : Atlantikoko izokina (<em data-start=\"318\" data-end=\"331\">Salmo salar<\/em>) ( % 90) (arraina), landare-zuntzak, patata-fekula, patata-malutak, aroma naturalak, ura eta gatza.<br data-start=\"432\" data-end=\"435\" \/><strong data-start=\"435\" data-end=\"450\">SIN GLUTEN.<\/strong><\/p>\n<hr data-start=\"452\" data-end=\"455\" \/>\n<p data-start=\"457\" data-end=\"488\"><strong data-start=\"461\" data-end=\"488\">KONTSERBAZIO-SISTEMA<\/strong><\/p>\n<p data-start=\"489\" data-end=\"550\">Izoztua; muga kritikoa: \u2264 -15 \u00b0 C; helburu-muga: -18 \u00b0 C.<\/p>\n<hr data-start=\"552\" data-end=\"555\" \/>\n<p data-start=\"557\" data-end=\"582\"><strong data-start=\"561\" data-end=\"582\">ONTZIA ETA ENBALAJEA<\/strong><\/p>\n<p data-start=\"583\" data-end=\"687\" class=\"translation-block\">Solteko ontzia: Kartoizko kaxa. <br>\nNeurriak: 395 x 290 x 120 mm<br>\nPisua, gutxi gorabehera: 3,5 Kg (hutsean ontziratua).<\/p>\n<hr data-start=\"689\" data-end=\"692\" \/>\n<p data-start=\"694\" data-end=\"725\"><strong data-start=\"698\" data-end=\"725\">BANAKETA-SISTEMA<\/strong><\/p>\n<p data-start=\"726\" data-end=\"768\"><strong data-start=\"726\" data-end=\"737\">Granel:<\/strong> Ibilgailu hozkailua \u2264 -18 \u00b0 C.<\/p>\n<hr data-start=\"770\" data-end=\"773\" \/>\n<p data-start=\"775\" data-end=\"792\"><strong data-start=\"779\" data-end=\"792\">IRAUNGIPENA<\/strong><\/p>\n<p data-start=\"793\" data-end=\"870\" class=\"translation-block\">Ontziratu gabea: 365 egun ekoizpen-datatik \u2264 -18 \u00b0 C-ko tenperaturan.<\/p>\n<hr data-start=\"872\" data-end=\"875\" \/>\n<p data-start=\"877\" data-end=\"907\"><strong data-start=\"881\" data-end=\"907\">SEGURTASUN-IRIZPIDEAK<\/strong><\/p>\n<p data-start=\"909\" data-end=\"1033\" class=\"translation-block\">Mikrobiologikoak:\n2073\/2005 (EE) Erregelamendua, 1441\/2007 Erregelamenduak aldatua, eta ondorengo aldaketak erreferentzia gisa<\/p>\n<ul data-start=\"1034\" data-end=\"1118\">\n<li data-start=\"1034\" data-end=\"1080\">\n<p data-start=\"1036\" data-end=\"1080\"><em data-start=\"1036\" data-end=\"1046\">E. coli:<\/em> n=5, c=2; m=500 M=5&#215;10\u00b3 g o cm\u00b2<\/p>\n<\/li>\n<li data-start=\"1081\" data-end=\"1118\">\n<p data-start=\"1083\" data-end=\"1118\"><em data-start=\"1083\" data-end=\"1096\">Salmonella:<\/em> n=5, c=0; Aus.\/10 g<\/p>\n<\/li>\n<\/ul>\n<p data-start=\"1120\" data-end=\"1207\"><strong data-start=\"1120\" data-end=\"1133\">Kimikoak:<\/strong><br data-start=\"1133\" data-end=\"1136\" \/>1333\/2008 (EB) Erregelamendua, 1129\/2011 zk. eta ondorengo aldaketak<\/p>\n<ul data-start=\"1208\" data-end=\"1255\">\n<li data-start=\"1208\" data-end=\"1255\">\n<p data-start=\"1210\" data-end=\"1255\">E-407a, E-331, E-262, E-301, E-200 y E-202.<\/p>\n<\/li>\n<\/ul>\n<p data-start=\"1257\" data-end=\"1346\"><strong data-start=\"1257\" data-end=\"1269\">Fisikoak:<\/strong><br data-start=\"1269\" data-end=\"1272\" \/>Gorputz arrotzik ez izatea (kristala, plastikoa, metala edo beste desegoki batzuk).<\/p>\n<hr data-start=\"1348\" data-end=\"1351\" \/>\n<p data-start=\"1353\" data-end=\"1371\"><strong data-start=\"1357\" data-end=\"1371\">ETIKETATZEA<\/strong><\/p>\n<p data-start=\"1372\" data-end=\"1424\" class=\"translation-block\">Ontziratu gabea: 1169\/2011 Erregelamendua. <br>\nHonako hauek jaso behar ditu:<\/br><\/p>\n<ul data-start=\"1425\" data-end=\"1807\">\n<li data-start=\"1425\" data-end=\"1487\">\n<p data-start=\"1427\" data-end=\"1487\">Enpresaren izena, helbidea, osasun-marka eta RGSA zenbakia<\/p>\n<\/li>\n<li data-start=\"1488\" data-end=\"1517\">\n<p data-start=\"1490\" data-end=\"1517\">Produktuaren izena<\/p>\n<\/li>\n<li data-start=\"1518\" data-end=\"1555\">\n<p data-start=\"1520\" data-end=\"1555\">Ingredientes en orden decreciente<\/p>\n<\/li>\n<li data-start=\"1556\" data-end=\"1591\">\n<p data-start=\"1558\" data-end=\"1591\">Lote-zenbakia eta iraungitze-data<\/p>\n<\/li>\n<li data-start=\"1592\" data-end=\"1631\">\n<p data-start=\"1594\" data-end=\"1631\">Kontserbazio- eta erabilera-datuak<\/p>\n<\/li>\n<li data-start=\"1632\" data-end=\"1645\">\n<p data-start=\"1634\" data-end=\"1645\">Pisu garbia<\/p>\n<\/li>\n<li data-start=\"1646\" data-end=\"1674\">\n<p data-start=\"1648\" data-end=\"1674\">Alergenoen deklarazioa<\/p>\n<\/li>\n<li data-start=\"1675\" data-end=\"1702\">\n<p data-start=\"1677\" data-end=\"1702\">Nutrizio-informazioa<\/p>\n<\/li>\n<li data-start=\"1703\" data-end=\"1807\">\n<p data-start=\"1705\" data-end=\"1807\">Aipamena: \"kontsumitu aurretik guztiz prestatu behar da, eta desizoztu ondoren ez da berriro izoztu behar\".<\/p>\n<\/li>\n<\/ul>\n<hr data-start=\"1809\" data-end=\"1812\" \/>\n<p data-start=\"1814\" data-end=\"1831\"><strong data-start=\"1818\" data-end=\"1831\">ALERGENOAK<\/strong><\/p>\n<p data-start=\"1832\" data-end=\"1964\">2007\/68\/EE Zuzentaraua, 1169\/2011 (EB) Erregelamendua<br data-start=\"1879\" data-end=\"1882\" \/>Burger de salm\u00f3n: <strong data-start=\"1900\" data-end=\"1911\">Pescado<\/strong>, puede contener <strong data-start=\"1928\" data-end=\"1964\">trazas de moluscos y crust\u00e1ceos.<\/strong><\/p>\n<hr data-start=\"1966\" data-end=\"1969\" \/>\n<p data-start=\"1971\" data-end=\"1982\"><strong data-start=\"1975\" data-end=\"1982\">OGM<\/strong><\/p>\n<p data-start=\"1983\" data-end=\"2039\" class=\"translation-block\">1829\/2003 (EE) Erregelamendua eta 1830\/2003\nEz dauka.<\/p>\n<hr data-start=\"2041\" data-end=\"2044\" \/>\n<p data-start=\"2046\" data-end=\"2074\"><strong data-start=\"2050\" data-end=\"2074\">JARRAIBIDEAK<\/strong><\/p>\n<p data-start=\"2075\" data-end=\"2167\" class=\"translation-block\">Biltegiratu tenperatura \u2264 -18 \u00b0 C-ra. <br>\nIraungitzea errespetatzea.<br>\nErabat kontsumitu aurretik prestatu.<br><\/p>\n<hr data-start=\"2169\" data-end=\"2172\" \/>\n<p data-start=\"2174\" data-end=\"2207\"><strong data-start=\"2178\" data-end=\"2205\">NUTRIZIO-INFORMAZIOA<\/strong><\/p>\n<p data-start=\"2208\" data-end=\"2230\"><em data-start=\"2208\" data-end=\"2228\">(100 g-ko inguru)<\/em><\/p>\n<ul data-start=\"2231\" data-end=\"2465\">\n<li data-start=\"2231\" data-end=\"2280\">\n<p data-start=\"2233\" data-end=\"2280\">Balio energetikoa: <strong data-start=\"2251\" data-end=\"2278\">772,10 kJ \/ 185,30 kcal<\/strong><\/p>\n<\/li>\n<li data-start=\"2281\" data-end=\"2344\">\n<p data-start=\"2283\" data-end=\"2303\">Koipeak: <strong data-start=\"2291\" data-end=\"2301\">12,3 g<\/strong><\/p>\n<ul data-start=\"2306\" data-end=\"2344\">\n<li data-start=\"2306\" data-end=\"2344\">\n<p data-start=\"2308\" data-end=\"2344\">horietatik aseak: <strong data-start=\"2333\" data-end=\"2342\">1,7 g<\/strong><\/p>\n<\/li>\n<\/ul>\n<\/li>\n<li data-start=\"2345\" data-end=\"2421\">\n<p data-start=\"2347\" data-end=\"2379\">Karbohidratoak: <strong data-start=\"2368\" data-end=\"2377\">1,1 g<\/strong><\/p>\n<ul data-start=\"2382\" data-end=\"2421\">\n<li data-start=\"2382\" data-end=\"2421\">\n<p data-start=\"2384\" data-end=\"2421\">Horietatik azukreak: <strong data-start=\"2408\" data-end=\"2419\">&lt;0,75 g<\/strong><\/p>\n<\/li>\n<\/ul>\n<\/li>\n<li data-start=\"2422\" data-end=\"2448\">\n<p data-start=\"2424\" data-end=\"2448\">Proteinak: <strong data-start=\"2435\" data-end=\"2446\">17,62 g<\/strong><\/p>\n<\/li>\n<li data-start=\"2449\" data-end=\"2465\">\n<p data-start=\"2451\" data-end=\"2465\">Gatza: <strong data-start=\"2456\" data-end=\"2465\">1,1 g<\/strong><\/p>\n<\/li>\n<\/ul>\n<p>&nbsp;<\/p>","protected":false},"excerpt":{"rendered":"<p>Norvegiako izokin solomoarekin egina, kalitatea, freskotasuna eta moldakortasuna uztartzen dituen gourmet medailoia da gure burger-a.<\/p>\n<p>Bere testura leunak eta zapore orekatuak ezin hobea egiten dute txikienentzat ere, jateko erraza eta zaporez betea den arrainaz gozatuko baitute.<\/p>\n<p><em>*Producto congelado<\/em><\/p>","protected":false},"featured_media":615,"comment_status":"open","ping_status":"closed","template":"","meta":{"inline_featured_image":false,"_uag_custom_page_level_css":"","_monsterinsights_skip_tracking":false,"_monsterinsights_sitenote_active":false,"_monsterinsights_sitenote_note":"","_monsterinsights_sitenote_category":0,"site-sidebar-layout":"default","site-content-layout":"","ast-site-content-layout":"default","site-content-style":"default","site-sidebar-style":"default","ast-global-header-display":"","ast-banner-title-visibility":"","ast-main-header-display":"","ast-hfb-above-header-display":"","ast-hfb-below-header-display":"","ast-hfb-mobile-header-display":"","site-post-title":"","ast-breadcrumbs-content":"","ast-featured-img":"","footer-sml-layout":"","ast-disable-related-posts":"","theme-transparent-header-meta":"default","adv-header-id-meta":"","stick-header-meta":"","header-above-stick-meta":"","header-main-stick-meta":"","header-below-stick-meta":"","astra-migrate-meta-layouts":"set","ast-page-background-enabled":"default","ast-page-background-meta":{"desktop":{"background-color":"var(--ast-global-color-5)","background-image":"","background-repeat":"repeat","background-position":"center center","background-size":"auto","background-attachment":"scroll","background-type":"","background-media":"","overlay-type":"","overlay-color":"","overlay-opacity":"","overlay-gradient":""},"tablet":{"background-color":"","background-image":"","background-repeat":"repeat","background-position":"center center","background-size":"auto","background-attachment":"scroll","background-type":"","background-media":"","overlay-type":"","overlay-color":"","overlay-opacity":"","overlay-gradient":""},"mobile":{"background-color":"","background-image":"","background-repeat":"repeat","background-position":"center center","background-size":"auto","background-attachment":"scroll","background-type":"","background-media":"","overlay-type":"","overlay-color":"","overlay-opacity":"","overlay-gradient":""}},"ast-content-background-meta":{"desktop":{"background-color":"var(--ast-global-color-4)","background-image":"","background-repeat":"repeat","background-position":"center center","background-size":"auto","background-attachment":"scroll","background-type":"","background-media":"","overlay-type":"","overlay-color":"","overlay-opacity":"","overlay-gradient":""},"tablet":{"background-color":"var(--ast-global-color-4)","background-image":"","background-repeat":"repeat","background-position":"center center","background-size":"auto","background-attachment":"scroll","background-type":"","background-media":"","overlay-type":"","overlay-color":"","overlay-opacity":"","overlay-gradient":""},"mobile":{"background-color":"var(--ast-global-color-4)","background-image":"","background-repeat":"repeat","background-position":"center center","background-size":"auto","background-attachment":"scroll","background-type":"","background-media":"","overlay-type":"","overlay-color":"","overlay-opacity":"","overlay-gradient":""}}},"product_brand":[],"product_cat":[20],"product_tag":[],"class_list":{"0":"post-614","1":"product","2":"type-product","3":"status-publish","4":"has-post-thumbnail","6":"product_cat-para-tu-dia-a-dia","7":"desktop-align-center","8":"tablet-align-left","9":"mobile-align-left","10":"ast-product-gallery-layout-horizontal-slider","11":"ast-magnify-disabled","12":"ast-product-tabs-layout-accordion","14":"first","15":"instock","16":"taxable","17":"shipping-taxable","18":"purchasable","19":"product-type-simple"},"aioseo_notices":[],"yoast_head":"<!-- This site is optimized with the Yoast SEO plugin v27.5 - https:\/\/yoast.com\/product\/yoast-seo-wordpress\/ -->\n<title>Burger gourmet de salm\u00f3n (6 uds.) - Freskue<\/title>\n<meta name=\"robots\" content=\"index, follow, max-snippet:-1, max-image-preview:large, max-video-preview:-1\" \/>\n<link rel=\"canonical\" href=\"https:\/\/freskue.eus\/eu\/produktua\/burger-gourmet-de-salmon\/\" \/>\n<meta property=\"og:locale\" content=\"en_US\" \/>\n<meta property=\"og:type\" content=\"article\" \/>\n<meta property=\"og:title\" content=\"Burger gourmet de salm\u00f3n (6 uds.) - Freskue\" \/>\n<meta property=\"og:description\" content=\"Elaborada con aut\u00e9ntico lomo de salm\u00f3n noruego, nuestra burger es un medall\u00f3n gourmet que combina calidad, frescura y versatilidad.  Su textura suave y sabor equilibrado la hacen perfecta tambi\u00e9n para los m\u00e1s peque\u00f1os, que disfrutar\u00e1n de un pescado f\u00e1cil de comer y lleno de sabor.  *Producto congelado\" \/>\n<meta property=\"og:url\" content=\"https:\/\/freskue.eus\/eu\/produktua\/burger-gourmet-de-salmon\/\" \/>\n<meta property=\"og:site_name\" content=\"Freskue\" \/>\n<meta property=\"article:modified_time\" content=\"2026-04-23T11:24:49+00:00\" \/>\n<meta property=\"og:image\" content=\"https:\/\/freskue.eus\/wp-content\/uploads\/zuzenburger-salmon_freskue.webp\" \/>\n\t<meta property=\"og:image:width\" content=\"910\" \/>\n\t<meta property=\"og:image:height\" content=\"910\" \/>\n\t<meta property=\"og:image:type\" content=\"image\/webp\" \/>\n<meta name=\"twitter:card\" content=\"summary_large_image\" \/>\n<script type=\"application\/ld+json\" class=\"yoast-schema-graph\">{\"@context\":\"https:\\\/\\\/schema.org\",\"@graph\":[{\"@type\":\"WebPage\",\"@id\":\"https:\\\/\\\/freskue.eus\\\/producto\\\/burger-gourmet-de-salmon\\\/\",\"url\":\"https:\\\/\\\/freskue.eus\\\/producto\\\/burger-gourmet-de-salmon\\\/\",\"name\":\"Burger gourmet de salm\u00f3n (6 uds.) - Freskue\",\"isPartOf\":{\"@id\":\"https:\\\/\\\/freskue.eus\\\/#website\"},\"primaryImageOfPage\":{\"@id\":\"https:\\\/\\\/freskue.eus\\\/producto\\\/burger-gourmet-de-salmon\\\/#primaryimage\"},\"image\":{\"@id\":\"https:\\\/\\\/freskue.eus\\\/producto\\\/burger-gourmet-de-salmon\\\/#primaryimage\"},\"thumbnailUrl\":\"https:\\\/\\\/freskue.eus\\\/wp-content\\\/uploads\\\/zuzenburger-salmon_freskue.webp\",\"datePublished\":\"2025-10-15T07:59:35+00:00\",\"dateModified\":\"2026-04-23T11:24:49+00:00\",\"breadcrumb\":{\"@id\":\"https:\\\/\\\/freskue.eus\\\/producto\\\/burger-gourmet-de-salmon\\\/#breadcrumb\"},\"inLanguage\":\"eu\",\"potentialAction\":[{\"@type\":\"ReadAction\",\"target\":[\"https:\\\/\\\/freskue.eus\\\/producto\\\/burger-gourmet-de-salmon\\\/\"]}]},{\"@type\":\"ImageObject\",\"inLanguage\":\"eu\",\"@id\":\"https:\\\/\\\/freskue.eus\\\/producto\\\/burger-gourmet-de-salmon\\\/#primaryimage\",\"url\":\"https:\\\/\\\/freskue.eus\\\/wp-content\\\/uploads\\\/zuzenburger-salmon_freskue.webp\",\"contentUrl\":\"https:\\\/\\\/freskue.eus\\\/wp-content\\\/uploads\\\/zuzenburger-salmon_freskue.webp\",\"width\":910,\"height\":910,\"caption\":\"Burger gourmet de salm\u00f3n\"},{\"@type\":\"BreadcrumbList\",\"@id\":\"https:\\\/\\\/freskue.eus\\\/producto\\\/burger-gourmet-de-salmon\\\/#breadcrumb\",\"itemListElement\":[{\"@type\":\"ListItem\",\"position\":1,\"name\":\"Portada\",\"item\":\"https:\\\/\\\/freskue.eus\\\/\"},{\"@type\":\"ListItem\",\"position\":2,\"name\":\"Productos\",\"item\":\"https:\\\/\\\/freskue.eus\\\/productos\\\/\"},{\"@type\":\"ListItem\",\"position\":3,\"name\":\"Burger gourmet de salm\u00f3n (6 uds.)\"}]},{\"@type\":\"WebSite\",\"@id\":\"https:\\\/\\\/freskue.eus\\\/#website\",\"url\":\"https:\\\/\\\/freskue.eus\\\/\",\"name\":\"Freskue\",\"description\":\"\",\"publisher\":{\"@id\":\"https:\\\/\\\/freskue.eus\\\/#organization\"},\"potentialAction\":[{\"@type\":\"SearchAction\",\"target\":{\"@type\":\"EntryPoint\",\"urlTemplate\":\"https:\\\/\\\/freskue.eus\\\/?s={search_term_string}\"},\"query-input\":{\"@type\":\"PropertyValueSpecification\",\"valueRequired\":true,\"valueName\":\"search_term_string\"}}],\"inLanguage\":\"eu\"},{\"@type\":\"Organization\",\"@id\":\"https:\\\/\\\/freskue.eus\\\/#organization\",\"name\":\"Freskue\",\"url\":\"https:\\\/\\\/freskue.eus\\\/\",\"logo\":{\"@type\":\"ImageObject\",\"inLanguage\":\"eu\",\"@id\":\"https:\\\/\\\/freskue.eus\\\/#\\\/schema\\\/logo\\\/image\\\/\",\"url\":\"https:\\\/\\\/freskue.eus\\\/wp-content\\\/uploads\\\/Logotipo-principal.svg\",\"contentUrl\":\"https:\\\/\\\/freskue.eus\\\/wp-content\\\/uploads\\\/Logotipo-principal.svg\",\"width\":373,\"height\":103,\"caption\":\"Freskue\"},\"image\":{\"@id\":\"https:\\\/\\\/freskue.eus\\\/#\\\/schema\\\/logo\\\/image\\\/\"}}]}<\/script>\n<!-- \/ Yoast SEO plugin. -->","yoast_head_json":{"title":"Burger gourmet de salm\u00f3n (6 uds.) - Freskue","robots":{"index":"index","follow":"follow","max-snippet":"max-snippet:-1","max-image-preview":"max-image-preview:large","max-video-preview":"max-video-preview:-1"},"canonical":"https:\/\/freskue.eus\/eu\/produktua\/burger-gourmet-de-salmon\/","og_locale":"en_US","og_type":"article","og_title":"Burger gourmet de salm\u00f3n (6 uds.) - Freskue","og_description":"Elaborada con aut\u00e9ntico lomo de salm\u00f3n noruego, nuestra burger es un medall\u00f3n gourmet que combina calidad, frescura y versatilidad.  Su textura suave y sabor equilibrado la hacen perfecta tambi\u00e9n para los m\u00e1s peque\u00f1os, que disfrutar\u00e1n de un pescado f\u00e1cil de comer y lleno de sabor.  *Producto congelado","og_url":"https:\/\/freskue.eus\/eu\/produktua\/burger-gourmet-de-salmon\/","og_site_name":"Freskue","article_modified_time":"2026-04-23T11:24:49+00:00","og_image":[{"width":910,"height":910,"url":"https:\/\/freskue.eus\/wp-content\/uploads\/zuzenburger-salmon_freskue.webp","type":"image\/webp"}],"twitter_card":"summary_large_image","schema":{"@context":"https:\/\/schema.org","@graph":[{"@type":"WebPage","@id":"https:\/\/freskue.eus\/producto\/burger-gourmet-de-salmon\/","url":"https:\/\/freskue.eus\/producto\/burger-gourmet-de-salmon\/","name":"Burger gourmet de salm\u00f3n (6 uds.) - Freskue","isPartOf":{"@id":"https:\/\/freskue.eus\/#website"},"primaryImageOfPage":{"@id":"https:\/\/freskue.eus\/producto\/burger-gourmet-de-salmon\/#primaryimage"},"image":{"@id":"https:\/\/freskue.eus\/producto\/burger-gourmet-de-salmon\/#primaryimage"},"thumbnailUrl":"https:\/\/freskue.eus\/wp-content\/uploads\/zuzenburger-salmon_freskue.webp","datePublished":"2025-10-15T07:59:35+00:00","dateModified":"2026-04-23T11:24:49+00:00","breadcrumb":{"@id":"https:\/\/freskue.eus\/producto\/burger-gourmet-de-salmon\/#breadcrumb"},"inLanguage":"eu","potentialAction":[{"@type":"ReadAction","target":["https:\/\/freskue.eus\/producto\/burger-gourmet-de-salmon\/"]}]},{"@type":"ImageObject","inLanguage":"eu","@id":"https:\/\/freskue.eus\/producto\/burger-gourmet-de-salmon\/#primaryimage","url":"https:\/\/freskue.eus\/wp-content\/uploads\/zuzenburger-salmon_freskue.webp","contentUrl":"https:\/\/freskue.eus\/wp-content\/uploads\/zuzenburger-salmon_freskue.webp","width":910,"height":910,"caption":"Burger gourmet de salm\u00f3n"},{"@type":"BreadcrumbList","@id":"https:\/\/freskue.eus\/producto\/burger-gourmet-de-salmon\/#breadcrumb","itemListElement":[{"@type":"ListItem","position":1,"name":"Portada","item":"https:\/\/freskue.eus\/"},{"@type":"ListItem","position":2,"name":"Productos","item":"https:\/\/freskue.eus\/productos\/"},{"@type":"ListItem","position":3,"name":"Burger gourmet de salm\u00f3n (6 uds.)"}]},{"@type":"WebSite","@id":"https:\/\/freskue.eus\/#website","url":"https:\/\/freskue.eus\/","name":"Freskue","description":"","publisher":{"@id":"https:\/\/freskue.eus\/#organization"},"potentialAction":[{"@type":"SearchAction","target":{"@type":"EntryPoint","urlTemplate":"https:\/\/freskue.eus\/?s={search_term_string}"},"query-input":{"@type":"PropertyValueSpecification","valueRequired":true,"valueName":"search_term_string"}}],"inLanguage":"eu"},{"@type":"Organization","@id":"https:\/\/freskue.eus\/#organization","name":"Freskue","url":"https:\/\/freskue.eus\/","logo":{"@type":"ImageObject","inLanguage":"eu","@id":"https:\/\/freskue.eus\/#\/schema\/logo\/image\/","url":"https:\/\/freskue.eus\/wp-content\/uploads\/Logotipo-principal.svg","contentUrl":"https:\/\/freskue.eus\/wp-content\/uploads\/Logotipo-principal.svg","width":373,"height":103,"caption":"Freskue"},"image":{"@id":"https:\/\/freskue.eus\/#\/schema\/logo\/image\/"}}]}},"spectra_custom_meta":{"_edit_lock":["1776943390:3"],"_edit_last":["3"],"_thumbnail_id":["615"],"total_sales":["24"],"_tax_status":["taxable"],"_tax_class":[""],"_manage_stock":["no"],"_backorders":["no"],"_sold_individually":["no"],"_virtual":["no"],"_downloadable":["no"],"_download_limit":["-1"],"_download_expiry":["-1"],"_stock":[null],"_stock_status":["instock"],"_wc_average_rating":["0"],"_wc_review_count":["0"],"_product_version":["10.7.0"],"cmplz_hide_cookiebanner":[""],"site-sidebar-layout":["default"],"ast-site-content-layout":["default"],"site-content-style":["default"],"site-sidebar-style":["default"],"theme-transparent-header-meta":["default"],"_yoast_wpseo_primary_product_brand":[""],"_yoast_wpseo_primary_product_cat":["20"],"_yoast_wpseo_content_score":["90"],"_yoast_wpseo_estimated-reading-time-minutes":["2"],"_wp_old_date":["2025-10-17"],"title_in_home":["Burger Gourmet de salm\u00f3n"],"_sku":["099"],"peso_kg":["0,6"],"_product_image_gallery":["1109,1111,1116,1112,1114,1115"],"_pys_head_footer":["a:7:{s:14:\"disable_global\";b:0;s:8:\"head_any\";s:0:\"\";s:12:\"head_desktop\";s:0:\"\";s:11:\"head_mobile\";s:0:\"\";s:10:\"footer_any\";s:0:\"\";s:14:\"footer_desktop\";s:0:\"\";s:13:\"footer_mobile\";s:0:\"\";}"],"informacion_producto":["",""],"_aioseo_keywords":["a:0:{}"],"_aioseo_og_title":[""],"_aioseo_og_description":[""],"_aioseo_og_article_section":[""],"_aioseo_og_article_tags":["a:0:{}"],"_aioseo_twitter_title":[""],"_aioseo_twitter_description":[""],"_monsterinsights_sitenote_active":["0"],"_regular_price":["16.5"],"_price":["16.5"],"_aioseo_title":[null],"_aioseo_description":[null],"astra-migrate-meta-layouts":["set"],"_uag_css_file_name":["uag-css-614.css"],"_uag_page_assets":["a:9:{s:3:\"css\";s:0:\"\";s:2:\"js\";s:0:\"\";s:18:\"current_block_list\";a:7:{i:0;s:11:\"core\/search\";i:1;s:10:\"core\/group\";i:2;s:12:\"core\/heading\";i:3;s:17:\"core\/latest-posts\";i:4;s:20:\"core\/latest-comments\";i:5;s:13:\"core\/archives\";i:6;s:15:\"core\/categories\";}s:8:\"uag_flag\";b:0;s:11:\"uag_version\";s:10:\"1777494247\";s:6:\"gfonts\";a:0:{}s:10:\"gfonts_url\";s:0:\"\";s:12:\"gfonts_files\";a:0:{}s:14:\"uag_faq_layout\";b:0;}"]},"uagb_featured_image_src":{"full":["https:\/\/freskue.eus\/wp-content\/uploads\/zuzenburger-salmon_freskue.webp",910,910,false],"thumbnail":["https:\/\/freskue.eus\/wp-content\/uploads\/zuzenburger-salmon_freskue-150x150.webp",150,150,true],"medium":["https:\/\/freskue.eus\/wp-content\/uploads\/zuzenburger-salmon_freskue-300x300.webp",300,300,true],"medium_large":["https:\/\/freskue.eus\/wp-content\/uploads\/zuzenburger-salmon_freskue-768x768.webp",768,768,true],"large":["https:\/\/freskue.eus\/wp-content\/uploads\/zuzenburger-salmon_freskue.webp",910,910,false],"1536x1536":["https:\/\/freskue.eus\/wp-content\/uploads\/zuzenburger-salmon_freskue.webp",910,910,false],"2048x2048":["https:\/\/freskue.eus\/wp-content\/uploads\/zuzenburger-salmon_freskue.webp",910,910,false],"trp-custom-language-flag":["https:\/\/freskue.eus\/wp-content\/uploads\/zuzenburger-salmon_freskue-12x12.webp",12,12,true],"woocommerce_thumbnail":["https:\/\/freskue.eus\/wp-content\/uploads\/zuzenburger-salmon_freskue-300x300.webp",300,300,true],"woocommerce_single":["https:\/\/freskue.eus\/wp-content\/uploads\/zuzenburger-salmon_freskue-600x600.webp",600,600,true],"woocommerce_gallery_thumbnail":["https:\/\/freskue.eus\/wp-content\/uploads\/zuzenburger-salmon_freskue-100x100.webp",100,100,true]},"uagb_author_info":{"display_name":"fidenet","author_link":"https:\/9c35bffb6d0e7352\/9c35bffb6d0e7352freskue.eus\/9c35bffb6d0e7352eu\/9c35bffb6d0e7352author\/9c35bffb6d0e7352"},"uagb_comment_info":0,"uagb_excerpt":"Elaborada con aut\u00e9ntico lomo de salm\u00f3n noruego, nuestra burger es un medall\u00f3n gourmet que combina calidad, frescura y versatilidad. Su textura suave y sabor equilibrado la hacen perfecta tambi\u00e9n para los m\u00e1s peque\u00f1os, que disfrutar\u00e1n de un pescado f\u00e1cil de comer y lleno de sabor. *Producto congelado","_links":{"self":[{"href":"https:\/\/freskue.eus\/eu\/wp-json\/wp\/v2\/product\/614","targetHints":{"allow":["GET"]}}],"collection":[{"href":"https:\/\/freskue.eus\/eu\/wp-json\/wp\/v2\/product"}],"about":[{"href":"https:\/\/freskue.eus\/eu\/wp-json\/wp\/v2\/types\/product"}],"replies":[{"embeddable":true,"href":"https:\/\/freskue.eus\/eu\/wp-json\/wp\/v2\/comments?post=614"}],"wp:featuredmedia":[{"embeddable":true,"href":"https:\/\/freskue.eus\/eu\/wp-json\/wp\/v2\/media\/615"}],"wp:attachment":[{"href":"https:\/\/freskue.eus\/eu\/wp-json\/wp\/v2\/media?parent=614"}],"wp:term":[{"taxonomy":"product_brand","embeddable":true,"href":"https:\/\/freskue.eus\/eu\/wp-json\/wp\/v2\/product_brand?post=614"},{"taxonomy":"product_cat","embeddable":true,"href":"https:\/\/freskue.eus\/eu\/wp-json\/wp\/v2\/product_cat?post=614"},{"taxonomy":"product_tag","embeddable":true,"href":"https:\/\/freskue.eus\/eu\/wp-json\/wp\/v2\/product_tag?post=614"}],"curies":[{"name":"wp","href":"https:\/\/api.w.org\/{rel}","templated":true}]}}